{"id":87,"date":"2023-04-04T13:37:24","date_gmt":"2023-04-04T19:37:24","guid":{"rendered":"https:\/\/regalias.landeban.com\/?page_id=87"},"modified":"2023-04-11T14:57:04","modified_gmt":"2023-04-11T20:57:04","slug":"estudio-fonetico","status":"publish","type":"page","link":"https:\/\/regalias.landeban.com\/?page_id=87","title":{"rendered":"Realiza tu estudio fon\u00e9tico"},"content":{"rendered":"<div id=\"sp-page\" class=\"spBgcover sp-content-1\" style=\"background-color: rgb(247, 247, 247); font-family: Inter, sans-serif; font-weight: 400;\">\n<section id=\"sp-l4n1nbau4s2l\" class=\"sp-el-section  spBgcover\" style=\"background-image: url('https:\/\/regalias.landeban.com\/wp-content\/uploads\/2023\/04\/blu.png'); width: 100%; max-width: 100%; padding: 10px;\">\n<div id=\"sp-tr6phmsyuln\" class=\"sp-el-row sm:sp-flex sp-justify-between sp-w-full  sp-m-auto spBgcover\" style=\"padding: 0px; width: auto; max-width: 1000px;\">\n<div id=\"sp-qff4eum8nnfb\" class=\"sp-el-col sp-p-4  spBgcover sp-w-full\" style=\"width: calc(50% - 0px); padding: 10px;\">\n<figure id=\"sp-jiyjn1\" class=\"sp-image-wrapper\" style=\"margin-top: 20px; padding: 10px; text-align: left;\"><span><img decoding=\"async\" src=\"https:\/\/regalias.landeban.com\/wp-content\/uploads\/2023\/03\/landeban.svg\" alt=\"\" style=\"height: 30px;\"><\/span><\/figure>\n<figure id=\"sp-bteyi4\" class=\"sp-image-wrapper\" style=\"margin-top: 0px; padding: 10px; text-align: center;\"><span><img decoding=\"async\" src=\"https:\/\/regalias.landeban.com\/wp-content\/uploads\/2023\/03\/ipad-2.png\" alt=\"\" style=\"height: 220px;\"><\/span><\/figure>\n<\/div>\n<div id=\"sp-mmx5d0k4e2k\" class=\"sp-el-col sp-p-4  spBgcover sp-w-full\" style=\"width: calc(50% - 0px); padding: 10px;\">\n<h2 id=\"sp-r4jbn4s6z1gi\" class=\"sp-css-target\" style=\"color: rgb(255, 255, 255); text-align: left; padding: 10px; margin-top: 20px;\"><strong>Solicita tu estudio fon\u00e9ticas&nbsp;<\/strong><\/h2>\n<div id=\"sp-lvbgqk\" class=\"sp-flex sp-css-target sp-bulletlist-block-template-0 sp-justify-start\" style=\"padding: 10px; margin-top: 0px; color: rgb(255, 255, 255);\">\n<ul class=\"sp-bulletlist-wrapper\">\n<li class=\"sp-flex sp-items-center sp-justify-start\" style=\"padding: 0px 0px 9px;\"><span class=\"sp-icon-wrapper sp-mr-4\"><i class=\"fa-fw fa-lg fas fa-clock\" style=\"width: 32px; line-height: 32px; color: rgb(113, 178, 99);\"><\/i><\/span><span>Tiempo de entrega: 2 a 3 d\u00edas h\u00e1biles<\/span><\/li>\n<li class=\"sp-flex sp-items-center sp-justify-start\" style=\"padding: 0px 0px 9px;\"><span class=\"sp-icon-wrapper sp-mr-4\"><i class=\"fa-fw fa-lg fas fa-file-pdf\" style=\"width: 32px; line-height: 32px; color: rgb(113, 178, 99);\"><\/i><\/span><span>Entregable: Estudio fon\u00e9tico en PDF<\/span><\/li>\n<li class=\"sp-flex sp-items-center sp-justify-start\" style=\"padding: 0px 0px 9px;\"><span class=\"sp-icon-wrapper sp-mr-4\"><i class=\"fa-fw fa-lg fas fa-dollar-sign\" style=\"width: 32px; line-height: 32px; color: rgb(113, 178, 99);\"><\/i><\/span><span>$3,470 MXN (IVA incluido)<\/span><\/li>\n<li class=\"sp-flex sp-items-center sp-justify-start\"><span class=\"sp-icon-wrapper sp-mr-4\"><i class=\"fa-fw fa-lg fas fa-credit-card\" style=\"width: 32px; line-height: 32px; color: rgb(113, 178, 99);\"><\/i><\/span><span>Pago online 100% seguro (transferencia, tarjeta, OXXO)<\/span><\/li>\n<\/ul>\n<\/div>\n<div id=\"sp-wtuh66\" class=\"sp-css-target sp-text-wrapper\" style=\"font-size: 23px; color: rgb(255, 255, 255); padding: 10px; text-align: left;\">\n<p>Por favor, completa el formulario con la informaci\u00f3n requerida de tu marca.<\/p>\n<\/div>\n<\/div>\n<\/div>\n<\/section>\n<section id=\"sp-lrftuy\" class=\"sp-el-section \" style=\"width: 100%; max-width: 100%; padding: 0px;\">\n<div id=\"sp-aa3oci\" class=\"sp-el-row sm:sp-flex sp-justify-between sp-w-full  sp-m-auto\" style=\"padding: 0px; width: auto; max-width: 1000px;\">\n<div id=\"sp-arg2oi\" class=\"sp-el-col sp-p-4  sp-w-full\" style=\"width: calc(100% - 0px); padding: 10px;\">\n<div id=\"sp-d6h7z6\" class=\"sp-code-wrapper\" style=\"padding: 10px; margin-top: 0px;\">\n<div class=\"\"><script>! function(e, t, a, i, d, n, o) {var WEBFORM_DATA = {formId: '6ab6f6e7-6ca5-4178-8d37-64c9de404834', divId: '_sm_webform_', linkName: 'webforms.salesmate.io' }; WEBFORM_DATA.loadElement = t.currentScript; e[i] = e[i] || function () {(e[i].q = e[i].q || []).push(arguments)}, n = t.createElement(a), n.onload = function () { if (!WEBFORM_DATA.divId || !t.getElementById(WEBFORM_DATA.divId)) { ld = t.createElement('div'); ld.id = WEBFORM_DATA.formId + __salesmate_webform_iframes__.length; WEBFORM_DATA.loadElement.parentNode.insertBefore(ld, WEBFORM_DATA.loadElement); WEBFORM_DATA.divId = ld.id} SmFormSettings.loadForm(WEBFORM_DATA);}, o = t.getElementsByTagName(a)[0], n.id = i, n.src = d, n.async = 1, o.parentNode.insertBefore(n, o) }(window, document, \"script\", \"loadFormScript\", \"https:\/\/webforms.salesmate.io\/webforms.js\");<\/script><\/div>\n<\/div>\n<\/div>\n<\/div>\n<\/section>\n<section id=\"sp-gzl9e28ef2v8\" class=\"sp-el-section  spBgcover\" style=\"background-color: rgb(204, 204, 204); width: 100%; max-width: 100%; padding: 10px;\">\n<div id=\"sp-zm7xyf8qaajo\" class=\"sp-el-row sm:sp-flex sp-justify-between sp-w-full  sp-m-auto spBgcover\" style=\"padding: 0px; width: auto; max-width: 1000px;\">\n<div id=\"sp-thebi4ye4t4g\" class=\"sp-el-col sp-p-4  spBgcover sp-w-full\" style=\"width: calc(100% - 0px); padding: 10px;\">\n<figure id=\"sp-p180fe\" class=\"sp-image-wrapper\" style=\"margin-top: 0px; padding: 10px; text-align: center;\"><span><a href=\"https:\/\/landeban.com\/\" target=\"\" rel=\"noopener\"><img decoding=\"async\" src=\"https:\/\/regalias.landeban.com\/wp-content\/uploads\/2023\/03\/landeban.svg\" alt=\"\" style=\"height: 40px;\"><\/a><\/span><\/figure>\n<h1 id=\"sp-jgwfi4\" class=\"sp-css-target\" style=\"font-size: 22px; color: rgb(255, 255, 255); text-align: center; padding: 10px; margin-top: 7px;\"><strong>La Firma L\u00edder en Propiedad Intelectual\u00ae<\/strong><\/h1>\n<div id=\"sp-zhe774twj25w\" class=\"sp-flex sp-css-target sp-bulletlist-block-template-0 sp-justify-center\" style=\"padding: 10px; color: rgb(43, 60, 115);\">\n<ul class=\"sp-bulletlist-wrapper sp-flex sp-flex-wrap sp-items-center\">\n<li class=\"sp-flex sp-items-center sp-justify-center\" style=\"padding: 0px 10px 0px 0px;\"><span class=\"sp-icon-wrapper sp-mr-4\"><\/span><span><a href=\"https:\/\/landeban.com\/politica-de-privacidad\/\">Aviso de privacidad<\/a><\/span><\/li>\n<li class=\"sp-flex sp-items-center sp-justify-center\"><span class=\"sp-icon-wrapper sp-mr-4\"><\/span><span><a href=\"https:\/\/landeban.com\/terminos-y-condiciones\/\">T\u00e9rminos y condiciones<\/a><\/span><\/li>\n<\/ul>\n<\/div>\n<\/div>\n<\/div>\n<\/section>\n<\/div>\n","protected":false},"excerpt":{"rendered":"<p>Solicita tu estudio fon\u00e9ticas&nbsp; Tiempo de entrega: 2 a 3 d\u00edas h\u00e1biles Entregable: Estudio fon\u00e9tico en PDF $3,470 MXN (IVA incluido) Pago online 100% seguro (transferencia, tarjeta, OXXO) Por favor, completa el formulario con la informaci\u00f3n requerida de tu marca. La Firma L\u00edder en Propiedad Intelectual\u00ae Aviso de privacidad T\u00e9rminos y condiciones<\/p>\n","protected":false},"author":1,"featured_media":0,"parent":0,"menu_order":0,"comment_status":"closed","ping_status":"closed","template":"","meta":{"footnotes":""},"class_list":["post-87","page","type-page","status-publish","hentry","entry"],"_links":{"self":[{"href":"https:\/\/regalias.landeban.com\/index.php?rest_route=\/wp\/v2\/pages\/87","targetHints":{"allow":["GET"]}}],"collection":[{"href":"https:\/\/regalias.landeban.com\/index.php?rest_route=\/wp\/v2\/pages"}],"about":[{"href":"https:\/\/regalias.landeban.com\/index.php?rest_route=\/wp\/v2\/types\/page"}],"author":[{"embeddable":true,"href":"https:\/\/regalias.landeban.com\/index.php?rest_route=\/wp\/v2\/users\/1"}],"replies":[{"embeddable":true,"href":"https:\/\/regalias.landeban.com\/index.php?rest_route=%2Fwp%2Fv2%2Fcomments&post=87"}],"version-history":[{"count":24,"href":"https:\/\/regalias.landeban.com\/index.php?rest_route=\/wp\/v2\/pages\/87\/revisions"}],"predecessor-version":[{"id":126,"href":"https:\/\/regalias.landeban.com\/index.php?rest_route=\/wp\/v2\/pages\/87\/revisions\/126"}],"wp:attachment":[{"href":"https:\/\/regalias.landeban.com\/index.php?rest_route=%2Fwp%2Fv2%2Fmedia&parent=87"}],"curies":[{"name":"wp","href":"https:\/\/api.w.org\/{rel}","templated":true}]}}